{"id":6245,"date":"2023-12-15T10:28:19","date_gmt":"2023-12-15T07:28:19","guid":{"rendered":"https:\/\/2kotomotiv.com\/?page_id=6245"},"modified":"2023-12-15T10:32:03","modified_gmt":"2023-12-15T07:32:03","slug":"filo-arac-al","status":"publish","type":"page","link":"https:\/\/2kotomotiv.com\/index.php\/filo-arac-al\/","title":{"rendered":"Filo Ara\u00e7 Al"},"content":{"rendered":"\t\t<div data-elementor-type=\"wp-page\" data-elementor-id=\"6245\" class=\"elementor elementor-6245\">\n\t\t\t\t<div class=\"elementor-element elementor-element-e35c1c4 e-con-full e-flex e-con e-parent\" data-id=\"e35c1c4\" data-element_type=\"container\">\n\t\t\t\t<div class=\"elementor-element elementor-element-6c79457 elementor-widget elementor-widget-image\" data-id=\"6c79457\" data-element_type=\"widget\" data-widget_type=\"image.default\">\n\t\t\t\t<div class=\"elementor-widget-container\">\n\t\t\t\t\t\t\t\t\t\t\t\t\t\t\t<img fetchpriority=\"high\" decoding=\"async\" width=\"2000\" height=\"1335\" src=\"https:\/\/2kotomotiv.com\/wp-content\/uploads\/2023\/12\/close-up-sales-manager-black-suit-selling-car-customer_146671-14738.jpg\" class=\"attachment-full size-full wp-image-6247\" alt=\"\" srcset=\"https:\/\/2kotomotiv.com\/wp-content\/uploads\/2023\/12\/close-up-sales-manager-black-suit-selling-car-customer_146671-14738.jpg 2000w, https:\/\/2kotomotiv.com\/wp-content\/uploads\/2023\/12\/close-up-sales-manager-black-suit-selling-car-customer_146671-14738-300x200.jpg 300w, https:\/\/2kotomotiv.com\/wp-content\/uploads\/2023\/12\/close-up-sales-manager-black-suit-selling-car-customer_146671-14738-1024x684.jpg 1024w, https:\/\/2kotomotiv.com\/wp-content\/uploads\/2023\/12\/close-up-sales-manager-black-suit-selling-car-customer_146671-14738-768x513.jpg 768w, https:\/\/2kotomotiv.com\/wp-content\/uploads\/2023\/12\/close-up-sales-manager-black-suit-selling-car-customer_146671-14738-1536x1025.jpg 1536w, https:\/\/2kotomotiv.com\/wp-content\/uploads\/2023\/12\/close-up-sales-manager-black-suit-selling-car-customer_146671-14738-600x401.jpg 600w\" sizes=\"(max-width: 2000px) 100vw, 2000px\" \/>\t\t\t\t\t\t\t\t\t\t\t\t\t\t\t<\/div>\n\t\t\t\t<\/div>\n\t\t\t\t<div class=\"elementor-element elementor-element-a338b76 elementor-widget elementor-widget-wpforms\" data-id=\"a338b76\" data-element_type=\"widget\" data-widget_type=\"wpforms.default\">\n\t\t\t\t<div class=\"elementor-widget-container\">\n\t\t\t\t\t<style id=\"wpforms-css-vars-elementor-widget-a338b76\">\n\t\t\t\t.elementor-widget-wpforms.elementor-element-a338b76 {\n\t\t\t\t--wpforms-button-background-color: #000000;\n--wpforms-button-size-font-size: 20px;\n--wpforms-button-size-height: 48px;\n--wpforms-button-size-padding-h: 20px;\n--wpforms-button-size-margin-top: 15px;\n\t\t\t}\n\t\t\t<\/style><div class=\"wpforms-container wpforms-container-full wpforms-render-modern\" id=\"wpforms-6240\"><form id=\"wpforms-form-6240\" class=\"wpforms-validate wpforms-form wpforms-ajax-form\" data-formid=\"6240\" method=\"post\" enctype=\"multipart\/form-data\" action=\"\/index.php\/wp-json\/wp\/v2\/pages\/6245\" data-token=\"8bc9790d8c001d3fcc4bf5baa70d158d\" data-token-time=\"1776361040\"><noscript class=\"wpforms-error-noscript\">Bu formu bitirebilmek i\u00e7in taray\u0131c\u0131n\u0131zda JavaScript&#039;i etkinle\u015ftirin.<\/noscript><div id=\"wpforms-error-noscript\" style=\"display: none;\">Bu formu bitirebilmek i\u00e7in taray\u0131c\u0131n\u0131zda JavaScript&#039;i etkinle\u015ftirin.<\/div><div class=\"wpforms-field-container\"><div id=\"wpforms-6240-field_0-container\" class=\"wpforms-field wpforms-field-name\" data-field-id=\"0\"><fieldset><legend class=\"wpforms-field-label\">Ad\u0131 Soyad\u0131 <span class=\"wpforms-required-label\" aria-hidden=\"true\">*<\/span><\/legend><div class=\"wpforms-field-row wpforms-field-large\"><div class=\"wpforms-field-row-block wpforms-first wpforms-one-half\"><input type=\"text\" id=\"wpforms-6240-field_0\" class=\"wpforms-field-name-first wpforms-field-required\" name=\"wpforms[fields][0][first]\" aria-errormessage=\"wpforms-6240-field_0-error\" required><label for=\"wpforms-6240-field_0\" class=\"wpforms-field-sublabel after\">Ad<\/label><\/div><div class=\"wpforms-field-row-block wpforms-one-half\"><input type=\"text\" id=\"wpforms-6240-field_0-last\" class=\"wpforms-field-name-last wpforms-field-required\" name=\"wpforms[fields][0][last]\" aria-errormessage=\"wpforms-6240-field_0-last-error\" required><label for=\"wpforms-6240-field_0-last\" class=\"wpforms-field-sublabel after\">Soyad<\/label><\/div><\/div><\/fieldset><\/div><div id=\"wpforms-6240-field_5-container\" class=\"wpforms-field wpforms-field-number\" data-field-id=\"5\"><label class=\"wpforms-field-label\" for=\"wpforms-6240-field_5\">Telefon Numaran\u0131z <span class=\"wpforms-required-label\" aria-hidden=\"true\">*<\/span><\/label><input type=\"number\" id=\"wpforms-6240-field_5\" class=\"wpforms-field-large wpforms-field-required\" name=\"wpforms[fields][5]\" step=\"any\" aria-errormessage=\"wpforms-6240-field_5-error\" required><\/div><div id=\"wpforms-6240-field_8-container\" class=\"wpforms-field wpforms-field-number\" data-field-id=\"8\"><label class=\"wpforms-field-label\" for=\"wpforms-6240-field_8\">Sat\u0131n Al\u0131nacak Ara\u00e7 Say\u0131s\u0131 <span class=\"wpforms-required-label\" aria-hidden=\"true\">*<\/span><\/label><input type=\"number\" id=\"wpforms-6240-field_8\" class=\"wpforms-field-large wpforms-field-required\" name=\"wpforms[fields][8]\" step=\"any\" aria-errormessage=\"wpforms-6240-field_8-error\" aria-describedby=\"wpforms-6240-field_8-description\" required><div id=\"wpforms-6240-field_8-description\" class=\"wpforms-field-description\">Yaln\u0131zca Ara\u00e7 Say\u0131s\u0131n\u0131 Giriniz<\/div><\/div><div id=\"wpforms-6240-field_11-container\" class=\"wpforms-field wpforms-field-text\" data-field-id=\"11\"><label class=\"wpforms-field-label\" for=\"wpforms-6240-field_11\">Ara\u00e7 Markas\u0131 <span class=\"wpforms-required-label\" aria-hidden=\"true\">*<\/span><\/label><input type=\"text\" id=\"wpforms-6240-field_11\" class=\"wpforms-field-large wpforms-field-required\" name=\"wpforms[fields][11]\" aria-errormessage=\"wpforms-6240-field_11-error\" required><\/div><div id=\"wpforms-6240-field_10-container\" class=\"wpforms-field wpforms-field-text\" data-field-id=\"10\"><label class=\"wpforms-field-label\" for=\"wpforms-6240-field_10\">Ara\u00e7 Modeli <span class=\"wpforms-required-label\" aria-hidden=\"true\">*<\/span><\/label><input type=\"text\" id=\"wpforms-6240-field_10\" class=\"wpforms-field-large wpforms-field-required\" name=\"wpforms[fields][10]\" aria-errormessage=\"wpforms-6240-field_10-error\" required><\/div><div id=\"wpforms-6240-field_1-container\" class=\"wpforms-field wpforms-field-email\" data-field-id=\"1\"><label class=\"wpforms-field-label\" for=\"wpforms-6240-field_1\">E-posta <span class=\"wpforms-required-label\" aria-hidden=\"true\">*<\/span><\/label><input type=\"email\" id=\"wpforms-6240-field_1\" class=\"wpforms-field-large wpforms-field-required\" name=\"wpforms[fields][1]\" spellcheck=\"false\" aria-errormessage=\"wpforms-6240-field_1-error\" required><\/div><div id=\"wpforms-6240-field_14-container\" class=\"wpforms-field wpforms-field-textarea\" data-field-id=\"14\"><label class=\"wpforms-field-label\" for=\"wpforms-6240-field_14\">\u0130letmek \u0130stedi\u011finiz Not<\/label><textarea id=\"wpforms-6240-field_14\" class=\"wpforms-field-medium\" name=\"wpforms[fields][14]\" aria-errormessage=\"wpforms-6240-field_14-error\" aria-describedby=\"wpforms-6240-field_14-description\" ><\/textarea><div id=\"wpforms-6240-field_14-description\" class=\"wpforms-field-description\">Ekstra Belirtmek \u0130stedi\u011finiz Notunuzu Buraya Yazabilirsiniz.<\/div><\/div><\/div><!-- .wpforms-field-container --><div class=\"wpforms-submit-container\" ><input type=\"hidden\" name=\"wpforms[id]\" value=\"6240\"><input type=\"hidden\" name=\"page_title\" value=\"\"><input type=\"hidden\" name=\"page_url\" value=\"https:\/\/2kotomotiv.com\/index.php\/wp-json\/wp\/v2\/pages\/6245\"><input type=\"hidden\" name=\"url_referer\" value=\"\"><button type=\"submit\" name=\"wpforms[submit]\" id=\"wpforms-submit-6240\" class=\"wpforms-submit\" data-alt-text=\"G\u00f6nderiliyor...\" data-submit-text=\"G\u00f6nder\" aria-live=\"assertive\" value=\"wpforms-submit\">G\u00f6nder<\/button><img decoding=\"async\" src=\"https:\/\/2kotomotiv.com\/wp-content\/plugins\/wpforms-lite\/assets\/images\/submit-spin.svg\" class=\"wpforms-submit-spinner\" style=\"display: none;\" width=\"26\" height=\"26\" alt=\"Y\u00fckleniyor\"><\/div><\/form><\/div>  <!-- .wpforms-container -->\t\t\t\t<\/div>\n\t\t\t\t<\/div>\n\t\t\t\t<\/div>\n\t\t\t\t<\/div>\n\t\t","protected":false},"excerpt":{"rendered":"<p>Bu formu bitirebilmek i\u00e7in taray\u0131c\u0131n\u0131zda JavaScript&#039;i etkinle\u015ftirin.Bu formu bitirebilmek i\u00e7in taray\u0131c\u0131n\u0131zda JavaScript&#039;i etkinle\u015ftirin. Ad\u0131 Soyad\u0131 * AdSoyad T.C. Kimlik Numaran\u0131z *Telefon Numaran\u0131z *Sat\u0131n Al\u0131nacak Ara\u00e7 Say\u0131s\u0131 *Yaln\u0131zca Ara\u00e7 Say\u0131s\u0131n\u0131 GirinizAra\u00e7 Markas\u0131 *Ara\u00e7 Modeli *E-posta *\u0130letmek \u0130stedi\u011finiz NotEkstra Belirtmek \u0130stedi\u011finiz Notunuzu Buraya Yazabilirsiniz. G\u00f6nder<\/p>\n","protected":false},"author":1,"featured_media":0,"parent":0,"menu_order":0,"comment_status":"closed","ping_status":"closed","template":"","meta":{"footnotes":""},"class_list":["post-6245","page","type-page","status-publish","hentry"],"_links":{"self":[{"href":"https:\/\/2kotomotiv.com\/index.php\/wp-json\/wp\/v2\/pages\/6245","targetHints":{"allow":["GET"]}}],"collection":[{"href":"https:\/\/2kotomotiv.com\/index.php\/wp-json\/wp\/v2\/pages"}],"about":[{"href":"https:\/\/2kotomotiv.com\/index.php\/wp-json\/wp\/v2\/types\/page"}],"author":[{"embeddable":true,"href":"https:\/\/2kotomotiv.com\/index.php\/wp-json\/wp\/v2\/users\/1"}],"replies":[{"embeddable":true,"href":"https:\/\/2kotomotiv.com\/index.php\/wp-json\/wp\/v2\/comments?post=6245"}],"version-history":[{"count":7,"href":"https:\/\/2kotomotiv.com\/index.php\/wp-json\/wp\/v2\/pages\/6245\/revisions"}],"predecessor-version":[{"id":6253,"href":"https:\/\/2kotomotiv.com\/index.php\/wp-json\/wp\/v2\/pages\/6245\/revisions\/6253"}],"wp:attachment":[{"href":"https:\/\/2kotomotiv.com\/index.php\/wp-json\/wp\/v2\/media?parent=6245"}],"curies":[{"name":"wp","href":"https:\/\/api.w.org\/{rel}","templated":true}]}}